{"id":4296,"date":"2023-06-07T09:21:57","date_gmt":"2023-06-07T07:21:57","guid":{"rendered":"https:\/\/domain01.ch\/?page_id=4296"},"modified":"2025-11-20T14:13:57","modified_gmt":"2025-11-20T12:13:57","slug":"mentions-legales","status":"publish","type":"page","link":"https:\/\/casamiracoli.ch\/fr\/mentions-legales\/","title":{"rendered":"Mentions l\u00e9gales"},"content":{"rendered":"<div class=\"fusion-fullwidth fullwidth-box fusion-builder-row-1 fusion-flex-container has-pattern-background has-mask-background hundred-percent-fullwidth non-hundred-percent-height-scrolling\" style=\"--awb-border-radius-top-left:0px;--awb-border-radius-top-right:0px;--awb-border-radius-bottom-right:0px;--awb-border-radius-bottom-left:0px;--awb-padding-top:10%;--awb-padding-right:10%;--awb-padding-bottom:10%;--awb-padding-left:10%;--awb-flex-wrap:wrap;\" ><div class=\"fusion-builder-row fusion-row fusion-flex-align-items-flex-start fusion-flex-content-wrap\" style=\"width:104% !important;max-width:104% !important;margin-left: calc(-4% \/ 2 );margin-right: calc(-4% \/ 2 );\"><div class=\"fusion-layout-column fusion_builder_column fusion-builder-column-0 fusion_builder_column_1_1 1_1 fusion-flex-column\" style=\"--awb-bg-size:cover;--awb-width-large:100%;--awb-margin-top-large:0px;--awb-spacing-right-large:1.92%;--awb-margin-bottom-large:0px;--awb-spacing-left-large:1.92%;--awb-width-medium:100%;--awb-spacing-right-medium:1.92%;--awb-spacing-left-medium:1.92%;--awb-width-small:100%;--awb-spacing-right-small:1.92%;--awb-spacing-left-small:1.92%;\"><div class=\"fusion-column-wrapper fusion-flex-justify-content-flex-start fusion-content-layout-column\"><div class=\"fusion-text fusion-text-1\"><p><strong>Responsable du contenu<\/strong><br \/>\nCasa Miracoli S\u00e0rl<br \/>\nRue d'Aarberg 100<br \/>\n2502 Bienne<br \/>\ninfo@casamiracoli.ch<\/p>\n<p><strong>Personnes habilit\u00e9es \u00e0 repr\u00e9senter la soci\u00e9t\u00e9<\/strong><br \/>\nPritpal Singh, Claudine Singh-Pittet<\/p>\n<p><strong>Inscription au registre du commerce<\/strong><br \/>\nBranche : exploitation d'entreprises de restauration<br \/>\nNum\u00e9ro : CH-073.4.017.112-7<br \/>\nTVA : CHE-112.849.296<br \/>\nOffice du registre du commerce : Berne<\/p>\n<p><strong>Exclusion de responsabilit\u00e9<\/strong><br \/>\nL'auteur n'assume aucune garantie quant \u00e0 l'exactitude, la pr\u00e9cision, l'actualit\u00e9, la fiabilit\u00e9 et l'exhaustivit\u00e9 du contenu des informations.<br \/>\nL'auteur ne saurait \u00eatre tenu pour responsable des dommages mat\u00e9riels ou immat\u00e9riels qui pourraient \u00eatre caus\u00e9s par l'acc\u00e8s aux informations diffus\u00e9es ou par leur utilisation ou non-utilisation, par le mauvais usage de la connexion ou par des probl\u00e8mes techniques.<br \/>\nToutes les offres sont sans engagement. L'auteur se r\u00e9serve express\u00e9ment le droit de modifier, de compl\u00e9ter ou de supprimer des parties de pages ou l'ensemble de l'offre sans avis pr\u00e9alable, ou d'en suspendre temporairement ou d\u00e9finitivement la publication.<\/p>\n<p><strong>Responsabilit\u00e9 pour les liens<\/strong><br \/>\nLes renvois et liens vers des sites web de tiers ne rel\u00e8vent pas de notre responsabilit\u00e9. Nous d\u00e9clinons toute responsabilit\u00e9 pour de tels sites web. L'acc\u00e8s \u00e0 de tels sites et leur utilisation se font aux risques et p\u00e9rils de l'utilisateur ou de l'utilisatrice.<\/p>\n<p><strong>Droits d'auteur<\/strong><br \/>\nLes droits d'auteur et tous les autres droits li\u00e9s aux contenus, images, photos ou autres fichiers pr\u00e9sents sur le site Internet appartiennent exclusivement \u00e0 Casa Miracoli GmbH ou aux titulaires de droits sp\u00e9cialement cit\u00e9s. Pour la reproduction de tout \u00e9l\u00e9ment, l'accord \u00e9crit des d\u00e9tenteurs des droits d'auteur doit \u00eatre obtenu au pr\u00e9alable.<\/p>\n<p><strong>Protection des donn\u00e9es<\/strong><br \/>\nLors de l'acc\u00e8s \u00e0 nos pages web, les donn\u00e9es suivantes sont enregistr\u00e9es dans des fichiers journaux : Adresse IP, date, heure, demande de navigateur et informations g\u00e9n\u00e9rales transmises sur le syst\u00e8me d'exploitation ou le navigateur. Ces donn\u00e9es d'utilisation constituent la base d'\u00e9valuations statistiques anonymes, ce qui permet de d\u00e9gager des tendances \u00e0 partir desquelles nous pouvons am\u00e9liorer nos offres en cons\u00e9quence.<br \/>\nCe site web utilise des cookies. Les cookies sont de petits fichiers texte qui sont enregistr\u00e9s de mani\u00e8re permanente ou temporaire dans votre ordinateur lorsque vous visitez ce site web. L'objectif des cookies est notamment d'analyser l'utilisation de ce site web \u00e0 des fins d'\u00e9valuation statistique et d'am\u00e9lioration continue.<br \/>\nVous pouvez \u00e0 tout moment d\u00e9sactiver tout ou partie des cookies dans les param\u00e8tres de votre navigateur. Si les cookies sont d\u00e9sactiv\u00e9s, il se peut que vous ne disposiez plus de toutes les fonctions de ce site web.<\/p>\n<\/div><\/div><\/div><\/div><\/div>\n","protected":false},"excerpt":{"rendered":"","protected":false},"author":1,"featured_media":0,"parent":0,"menu_order":0,"comment_status":"closed","ping_status":"closed","template":"100-width.php","meta":{"footnotes":""},"class_list":["post-4296","page","type-page","status-publish","hentry"],"_links":{"self":[{"href":"https:\/\/casamiracoli.ch\/fr\/wp-json\/wp\/v2\/pages\/4296","targetHints":{"allow":["GET"]}}],"collection":[{"href":"https:\/\/casamiracoli.ch\/fr\/wp-json\/wp\/v2\/pages"}],"about":[{"href":"https:\/\/casamiracoli.ch\/fr\/wp-json\/wp\/v2\/types\/page"}],"author":[{"embeddable":true,"href":"https:\/\/casamiracoli.ch\/fr\/wp-json\/wp\/v2\/users\/1"}],"replies":[{"embeddable":true,"href":"https:\/\/casamiracoli.ch\/fr\/wp-json\/wp\/v2\/comments?post=4296"}],"version-history":[{"count":4,"href":"https:\/\/casamiracoli.ch\/fr\/wp-json\/wp\/v2\/pages\/4296\/revisions"}],"predecessor-version":[{"id":5194,"href":"https:\/\/casamiracoli.ch\/fr\/wp-json\/wp\/v2\/pages\/4296\/revisions\/5194"}],"wp:attachment":[{"href":"https:\/\/casamiracoli.ch\/fr\/wp-json\/wp\/v2\/media?parent=4296"}],"curies":[{"name":"wp","href":"https:\/\/api.w.org\/{rel}","templated":true}]}}